{"id":1324,"date":"2024-10-18T16:07:30","date_gmt":"2024-10-18T16:07:30","guid":{"rendered":"http:\/\/tecsapolito.com.ar\/tratamientodeagua\/about\/"},"modified":"2024-10-21T18:27:40","modified_gmt":"2024-10-21T18:27:40","slug":"about","status":"publish","type":"page","link":"https:\/\/tecsapolito.com.ar\/tratamientodeagua\/about\/","title":{"rendered":"Nosotros"},"content":{"rendered":"\n<div class=\"wp-block-uagb-container uagb-block-3ad17e27 alignfull uagb-is-root-container\"><div class=\"uagb-container-inner-blocks-wrap\">\n<div class=\"wp-block-uagb-advanced-heading uagb-block-8a1eebc0\"><h1 class=\"uagb-heading-text\">Institucional<\/h1><\/div>\n<\/div><\/div>\n\n\n\n<div class=\"wp-block-uagb-container uagb-block-f8ec2bd3 alignfull uagb-is-root-container\"><div class=\"uagb-container-inner-blocks-wrap\">\n<div class=\"wp-block-uagb-advanced-heading uagb-block-e874992d\"><h4 class=\"uagb-heading-text\">Hace m\u00e1s de veinte a\u00f1os nos dedicamos a la fabricaci\u00f3n de equipos de tratamiento y filtraci\u00f3n de agua, como Ablandadores, filtros de carb\u00f3n activado y Osmosis Inversa, entre otros.<\/h4><\/div>\n\n\n\n<div class=\"wp-block-uagb-image aligncenter uagb-block-2d710799 wp-block-uagb-image--layout-default wp-block-uagb-image--effect-static wp-block-uagb-image--align-center\"><figure class=\"wp-block-uagb-image__figure\"><img decoding=\"async\" srcset=\"https:\/\/tecsapolito.com.ar\/tratamientodeagua\/wp-content\/uploads\/2024\/10\/3-1024x591.jpg ,https:\/\/tecsapolito.com.ar\/tratamientodeagua\/wp-content\/uploads\/2024\/10\/3.jpg 780w, https:\/\/tecsapolito.com.ar\/tratamientodeagua\/wp-content\/uploads\/2024\/10\/3.jpg 360w\" sizes=\"auto, (max-width: 480px) 150px\" src=\"https:\/\/tecsapolito.com.ar\/tratamientodeagua\/wp-content\/uploads\/2024\/10\/3-1024x591.jpg\" alt=\"TECSAPOLITO\" class=\"uag-image-2308\" width=\"1024\" height=\"591\" title=\"3\" loading=\"lazy\" role=\"img\"\/><\/figure><\/div>\n\n\n\n<div class=\"wp-block-uagb-container uagb-block-72514f6d\">\n<div class=\"wp-block-uagb-advanced-heading uagb-block-b317ae0b\"><h3 class=\"uagb-heading-text\">Nuestra Misi\u00f3n<\/h3><p class=\"uagb-desc-text\">Nos ocupamos del dise\u00f1o, la construcci\u00f3n y comercializaci\u00f3n de una variada l\u00ednea que se caracteriza por la robustez y calidad de los sistemas, ya que elegimos los mejores componentes, tanto nacionales como importados para su construcci\u00f3n,<\/p><\/div>\n\n\n\n<div class=\"wp-block-uagb-advanced-heading uagb-block-3b00767d\"><h3 class=\"uagb-heading-text\">Nuestros Objetivos<\/h3><p class=\"uagb-desc-text\">Ofrecemos el mejor respaldo, con un stock permanente de repuestos y el mejor servicio postventa del mercado actual.<br>Nuestros equipos son dise\u00f1ados y calculados para cada tipo de agua a tratar, con el que ser\u00e1 alimentado el sistema, dando as\u00ed la seguridad de contar con el equipo ideal para cada caso.<\/p><\/div>\n<\/div>\n<\/div><\/div>\n\n\n\n<div class=\"wp-block-uagb-container uagb-block-61e8ac2a alignfull uagb-is-root-container\"><div class=\"uagb-container-inner-blocks-wrap\">\n<div class=\"wp-block-uagb-image aligncenter uagb-block-052b1f4c wp-block-uagb-image--layout-default wp-block-uagb-image--effect-static wp-block-uagb-image--align-center\"><figure class=\"wp-block-uagb-image__figure\"><img decoding=\"async\" srcset=\"https:\/\/tecsapolito.com.ar\/tratamientodeagua\/wp-content\/uploads\/2021\/11\/quotes.svg ,https:\/\/tecsapolito.com.ar\/tratamientodeagua\/wp-content\/uploads\/2021\/11\/quotes.svg 780w, https:\/\/tecsapolito.com.ar\/tratamientodeagua\/wp-content\/uploads\/2021\/11\/quotes.svg 360w\" sizes=\"auto, (max-width: 480px) 150px\" src=\"https:\/\/tecsapolito.com.ar\/tratamientodeagua\/wp-content\/uploads\/2021\/11\/quotes.svg\" alt=\"\" class=\"uag-image-117\" width=\"37\" height=\"38\" title=\"quotes\" loading=\"lazy\" role=\"img\"\/><\/figure><\/div>\n\n\n\n<div class=\"wp-block-uagb-info-box uagb-block-54aaf525 uagb-infobox__content-wrap  uagb-infobox-icon-below-title uagb-infobox-image-valign-top\"><div class=\"uagb-ifb-content\"><div class=\"uagb-ifb-title-wrap\"><h4 class=\"uagb-ifb-title\">El buen asesoramiento y conocimiento del tema son de vital importancia para obtener el resultado deseado de un sistema de filtraci\u00f3n.<\/h4><\/div><div class=\"uagb-ifb-icon-wrap\"><svg xmlns=\"https:\/\/www.w3.org\/2000\/svg\" viewBox=\"0 0 512 512\"><path d=\"M0 256C0 114.6 114.6 0 256 0C397.4 0 512 114.6 512 256C512 397.4 397.4 512 256 512C114.6 512 0 397.4 0 256zM371.8 211.8C382.7 200.9 382.7 183.1 371.8 172.2C360.9 161.3 343.1 161.3 332.2 172.2L224 280.4L179.8 236.2C168.9 225.3 151.1 225.3 140.2 236.2C129.3 247.1 129.3 264.9 140.2 275.8L204.2 339.8C215.1 350.7 232.9 350.7 243.8 339.8L371.8 211.8z\"><\/path><\/svg><\/div><p class=\"uagb-ifb-desc\">Tecsapolito<\/p><\/div><\/div>\n<\/div><\/div>\n","protected":false},"excerpt":{"rendered":"<p>Institucional Hace m\u00e1s de veinte a\u00f1os nos dedicamos a la fabricaci\u00f3n de equipos de tratamiento y filtraci\u00f3n de agua, como Ablandadores, filtros de carb\u00f3n activado y Osmosis Inversa, entre otros. Nuestra Misi\u00f3n Nos ocupamos del dise\u00f1o, la construcci\u00f3n y comercializaci\u00f3n de una variada l\u00ednea que se caracteriza por la robustez y calidad de los sistemas, [&hellip;]<\/p>\n","protected":false},"author":2,"featured_media":0,"parent":0,"menu_order":0,"comment_status":"closed","ping_status":"closed","template":"","meta":{"_uag_custom_page_level_css":"","site-sidebar-layout":"no-sidebar","site-content-layout":"page-builder","ast-site-content-layout":"full-width-container","site-content-style":"unboxed","site-sidebar-style":"default","ast-global-header-display":"","ast-banner-title-visibility":"","ast-main-header-display":"","ast-hfb-above-header-display":"","ast-hfb-below-header-display":"","ast-hfb-mobile-header-display":"","site-post-title":"disabled","ast-breadcrumbs-content":"","ast-featured-img":"disabled","footer-sml-layout":"","ast-disable-related-posts":"","theme-transparent-header-meta":"enabled","adv-header-id-meta":"","stick-header-meta":"","header-above-stick-meta":"","header-main-stick-meta":"","header-below-stick-meta":"","astra-migrate-meta-layouts":"set","ast-page-background-enabled":"default","ast-page-background-meta":{"desktop":{"background-color":"var(--ast-global-color-4)","background-image":"","background-repeat":"repeat","background-position":"center center","background-size":"auto","background-attachment":"scroll","background-type":"","background-media":"","overlay-type":"","overlay-color":"","overlay-opacity":"","overlay-gradient":""},"tablet":{"background-color":"","background-image":"","background-repeat":"repeat","background-position":"center center","background-size":"auto","background-attachment":"scroll","background-type":"","background-media":"","overlay-type":"","overlay-color":"","overlay-opacity":"","overlay-gradient":""},"mobile":{"background-color":"","background-image":"","background-repeat":"repeat","background-position":"center center","background-size":"auto","background-attachment":"scroll","background-type":"","background-media":"","overlay-type":"","overlay-color":"","overlay-opacity":"","overlay-gradient":""}},"ast-content-background-meta":{"desktop":{"background-color":"var(--ast-global-color-5)","background-image":"","background-repeat":"repeat","background-position":"center center","background-size":"auto","background-attachment":"scroll","background-type":"","background-media":"","overlay-type":"","overlay-color":"","overlay-opacity":"","overlay-gradient":""},"tablet":{"background-color":"var(--ast-global-color-5)","background-image":"","background-repeat":"repeat","background-position":"center center","background-size":"auto","background-attachment":"scroll","background-type":"","background-media":"","overlay-type":"","overlay-color":"","overlay-opacity":"","overlay-gradient":""},"mobile":{"background-color":"var(--ast-global-color-5)","background-image":"","background-repeat":"repeat","background-position":"center center","background-size":"auto","background-attachment":"scroll","background-type":"","background-media":"","overlay-type":"","overlay-color":"","overlay-opacity":"","overlay-gradient":""}},"footnotes":""},"class_list":["post-1324","page","type-page","status-publish","hentry"],"yoast_head":"<!-- This site is optimized with the Yoast SEO plugin v27.0 - https:\/\/yoast.com\/product\/yoast-seo-wordpress\/ -->\n<title>Nosotros - Tratamiento de Agua<\/title>\n<meta name=\"robots\" content=\"index, follow, max-snippet:-1, max-image-preview:large, max-video-preview:-1\" \/>\n<link rel=\"canonical\" href=\"http:\/\/tecsapolito.com.ar\/tratamientodeagua\/about\/\" \/>\n<meta property=\"og:locale\" content=\"es_ES\" \/>\n<meta property=\"og:type\" content=\"article\" \/>\n<meta property=\"og:title\" content=\"Nosotros - Tratamiento de Agua\" \/>\n<meta property=\"og:description\" content=\"Institucional Hace m\u00e1s de veinte a\u00f1os nos dedicamos a la fabricaci\u00f3n de equipos de tratamiento y filtraci\u00f3n de agua, como Ablandadores, filtros de carb\u00f3n activado y Osmosis Inversa, entre otros. Nuestra Misi\u00f3n Nos ocupamos del dise\u00f1o, la construcci\u00f3n y comercializaci\u00f3n de una variada l\u00ednea que se caracteriza por la robustez y calidad de los sistemas, [&hellip;]\" \/>\n<meta property=\"og:url\" content=\"http:\/\/tecsapolito.com.ar\/tratamientodeagua\/about\/\" \/>\n<meta property=\"og:site_name\" content=\"Tratamiento de Agua\" \/>\n<meta property=\"article:modified_time\" content=\"2024-10-21T18:27:40+00:00\" \/>\n<meta property=\"og:image\" content=\"http:\/\/tecsapolito.com.ar\/tratamientodeagua\/wp-content\/uploads\/2024\/10\/3-1024x591.jpg\" \/>\n<meta name=\"twitter:card\" content=\"summary_large_image\" \/>\n<meta name=\"twitter:label1\" content=\"Tiempo de lectura\" \/>\n\t<meta name=\"twitter:data1\" content=\"2 minutos\" \/>\n<script type=\"application\/ld+json\" class=\"yoast-schema-graph\">{\"@context\":\"https:\/\/schema.org\",\"@graph\":[{\"@type\":\"WebPage\",\"@id\":\"http:\/\/tecsapolito.com.ar\/tratamientodeagua\/about\/\",\"url\":\"http:\/\/tecsapolito.com.ar\/tratamientodeagua\/about\/\",\"name\":\"Nosotros - Tratamiento de Agua\",\"isPartOf\":{\"@id\":\"http:\/\/tecsapolito.com.ar\/tratamientodeagua\/#website\"},\"primaryImageOfPage\":{\"@id\":\"http:\/\/tecsapolito.com.ar\/tratamientodeagua\/about\/#primaryimage\"},\"image\":{\"@id\":\"http:\/\/tecsapolito.com.ar\/tratamientodeagua\/about\/#primaryimage\"},\"thumbnailUrl\":\"http:\/\/tecsapolito.com.ar\/tratamientodeagua\/wp-content\/uploads\/2024\/10\/3-1024x591.jpg\",\"datePublished\":\"2024-10-18T16:07:30+00:00\",\"dateModified\":\"2024-10-21T18:27:40+00:00\",\"breadcrumb\":{\"@id\":\"http:\/\/tecsapolito.com.ar\/tratamientodeagua\/about\/#breadcrumb\"},\"inLanguage\":\"es\",\"potentialAction\":[{\"@type\":\"ReadAction\",\"target\":[\"http:\/\/tecsapolito.com.ar\/tratamientodeagua\/about\/\"]}]},{\"@type\":\"ImageObject\",\"inLanguage\":\"es\",\"@id\":\"http:\/\/tecsapolito.com.ar\/tratamientodeagua\/about\/#primaryimage\",\"url\":\"https:\/\/tecsapolito.com.ar\/tratamientodeagua\/wp-content\/uploads\/2024\/10\/3.jpg\",\"contentUrl\":\"https:\/\/tecsapolito.com.ar\/tratamientodeagua\/wp-content\/uploads\/2024\/10\/3.jpg\",\"width\":1040,\"height\":600,\"caption\":\"TECSAPOLITO\"},{\"@type\":\"BreadcrumbList\",\"@id\":\"http:\/\/tecsapolito.com.ar\/tratamientodeagua\/about\/#breadcrumb\",\"itemListElement\":[{\"@type\":\"ListItem\",\"position\":1,\"name\":\"Portada\",\"item\":\"http:\/\/tecsapolito.com.ar\/tratamientodeagua\/\"},{\"@type\":\"ListItem\",\"position\":2,\"name\":\"Nosotros\"}]},{\"@type\":\"WebSite\",\"@id\":\"http:\/\/tecsapolito.com.ar\/tratamientodeagua\/#website\",\"url\":\"http:\/\/tecsapolito.com.ar\/tratamientodeagua\/\",\"name\":\"Tecsapolito\",\"description\":\"Fabricaci\u00f3n de equipos de tratamiento y filtraci\u00f3n de agua, como Ablandadores, filtros de carb\u00f3n activado y Osmosis Inversa, entre otros.\",\"publisher\":{\"@id\":\"http:\/\/tecsapolito.com.ar\/tratamientodeagua\/#organization\"},\"potentialAction\":[{\"@type\":\"SearchAction\",\"target\":{\"@type\":\"EntryPoint\",\"urlTemplate\":\"http:\/\/tecsapolito.com.ar\/tratamientodeagua\/?s={search_term_string}\"},\"query-input\":{\"@type\":\"PropertyValueSpecification\",\"valueRequired\":true,\"valueName\":\"search_term_string\"}}],\"inLanguage\":\"es\"},{\"@type\":\"Organization\",\"@id\":\"http:\/\/tecsapolito.com.ar\/tratamientodeagua\/#organization\",\"name\":\"Tecsapolito Centro Integral de Tratamiento de Agua\",\"url\":\"http:\/\/tecsapolito.com.ar\/tratamientodeagua\/\",\"logo\":{\"@type\":\"ImageObject\",\"inLanguage\":\"es\",\"@id\":\"http:\/\/tecsapolito.com.ar\/tratamientodeagua\/#\/schema\/logo\/image\/\",\"url\":\"https:\/\/tecsapolito.com.ar\/tratamientodeagua\/wp-content\/uploads\/2024\/10\/logo-1.png\",\"contentUrl\":\"https:\/\/tecsapolito.com.ar\/tratamientodeagua\/wp-content\/uploads\/2024\/10\/logo-1.png\",\"width\":300,\"height\":65,\"caption\":\"Tecsapolito Centro Integral de Tratamiento de Agua\"},\"image\":{\"@id\":\"http:\/\/tecsapolito.com.ar\/tratamientodeagua\/#\/schema\/logo\/image\/\"}}]}<\/script>\n<!-- \/ Yoast SEO plugin. -->","yoast_head_json":{"title":"Nosotros - Tratamiento de Agua","robots":{"index":"index","follow":"follow","max-snippet":"max-snippet:-1","max-image-preview":"max-image-preview:large","max-video-preview":"max-video-preview:-1"},"canonical":"http:\/\/tecsapolito.com.ar\/tratamientodeagua\/about\/","og_locale":"es_ES","og_type":"article","og_title":"Nosotros - Tratamiento de Agua","og_description":"Institucional Hace m\u00e1s de veinte a\u00f1os nos dedicamos a la fabricaci\u00f3n de equipos de tratamiento y filtraci\u00f3n de agua, como Ablandadores, filtros de carb\u00f3n activado y Osmosis Inversa, entre otros. Nuestra Misi\u00f3n Nos ocupamos del dise\u00f1o, la construcci\u00f3n y comercializaci\u00f3n de una variada l\u00ednea que se caracteriza por la robustez y calidad de los sistemas, [&hellip;]","og_url":"http:\/\/tecsapolito.com.ar\/tratamientodeagua\/about\/","og_site_name":"Tratamiento de Agua","article_modified_time":"2024-10-21T18:27:40+00:00","og_image":[{"url":"http:\/\/tecsapolito.com.ar\/tratamientodeagua\/wp-content\/uploads\/2024\/10\/3-1024x591.jpg","type":"","width":"","height":""}],"twitter_card":"summary_large_image","twitter_misc":{"Tiempo de lectura":"2 minutos"},"schema":{"@context":"https:\/\/schema.org","@graph":[{"@type":"WebPage","@id":"http:\/\/tecsapolito.com.ar\/tratamientodeagua\/about\/","url":"http:\/\/tecsapolito.com.ar\/tratamientodeagua\/about\/","name":"Nosotros - Tratamiento de Agua","isPartOf":{"@id":"http:\/\/tecsapolito.com.ar\/tratamientodeagua\/#website"},"primaryImageOfPage":{"@id":"http:\/\/tecsapolito.com.ar\/tratamientodeagua\/about\/#primaryimage"},"image":{"@id":"http:\/\/tecsapolito.com.ar\/tratamientodeagua\/about\/#primaryimage"},"thumbnailUrl":"http:\/\/tecsapolito.com.ar\/tratamientodeagua\/wp-content\/uploads\/2024\/10\/3-1024x591.jpg","datePublished":"2024-10-18T16:07:30+00:00","dateModified":"2024-10-21T18:27:40+00:00","breadcrumb":{"@id":"http:\/\/tecsapolito.com.ar\/tratamientodeagua\/about\/#breadcrumb"},"inLanguage":"es","potentialAction":[{"@type":"ReadAction","target":["http:\/\/tecsapolito.com.ar\/tratamientodeagua\/about\/"]}]},{"@type":"ImageObject","inLanguage":"es","@id":"http:\/\/tecsapolito.com.ar\/tratamientodeagua\/about\/#primaryimage","url":"https:\/\/tecsapolito.com.ar\/tratamientodeagua\/wp-content\/uploads\/2024\/10\/3.jpg","contentUrl":"https:\/\/tecsapolito.com.ar\/tratamientodeagua\/wp-content\/uploads\/2024\/10\/3.jpg","width":1040,"height":600,"caption":"TECSAPOLITO"},{"@type":"BreadcrumbList","@id":"http:\/\/tecsapolito.com.ar\/tratamientodeagua\/about\/#breadcrumb","itemListElement":[{"@type":"ListItem","position":1,"name":"Portada","item":"http:\/\/tecsapolito.com.ar\/tratamientodeagua\/"},{"@type":"ListItem","position":2,"name":"Nosotros"}]},{"@type":"WebSite","@id":"http:\/\/tecsapolito.com.ar\/tratamientodeagua\/#website","url":"http:\/\/tecsapolito.com.ar\/tratamientodeagua\/","name":"Tecsapolito","description":"Fabricaci\u00f3n de equipos de tratamiento y filtraci\u00f3n de agua, como Ablandadores, filtros de carb\u00f3n activado y Osmosis Inversa, entre otros.","publisher":{"@id":"http:\/\/tecsapolito.com.ar\/tratamientodeagua\/#organization"},"potentialAction":[{"@type":"SearchAction","target":{"@type":"EntryPoint","urlTemplate":"http:\/\/tecsapolito.com.ar\/tratamientodeagua\/?s={search_term_string}"},"query-input":{"@type":"PropertyValueSpecification","valueRequired":true,"valueName":"search_term_string"}}],"inLanguage":"es"},{"@type":"Organization","@id":"http:\/\/tecsapolito.com.ar\/tratamientodeagua\/#organization","name":"Tecsapolito Centro Integral de Tratamiento de Agua","url":"http:\/\/tecsapolito.com.ar\/tratamientodeagua\/","logo":{"@type":"ImageObject","inLanguage":"es","@id":"http:\/\/tecsapolito.com.ar\/tratamientodeagua\/#\/schema\/logo\/image\/","url":"https:\/\/tecsapolito.com.ar\/tratamientodeagua\/wp-content\/uploads\/2024\/10\/logo-1.png","contentUrl":"https:\/\/tecsapolito.com.ar\/tratamientodeagua\/wp-content\/uploads\/2024\/10\/logo-1.png","width":300,"height":65,"caption":"Tecsapolito Centro Integral de Tratamiento de Agua"},"image":{"@id":"http:\/\/tecsapolito.com.ar\/tratamientodeagua\/#\/schema\/logo\/image\/"}}]}},"uagb_featured_image_src":{"full":false,"thumbnail":false,"medium":false,"medium_large":false,"large":false,"1536x1536":false,"2048x2048":false},"uagb_author_info":{"display_name":"c2411370","author_link":"https:\/\/tecsapolito.com.ar\/tratamientodeagua\/author\/c2411370\/"},"uagb_comment_info":0,"uagb_excerpt":"Institucional Hace m\u00e1s de veinte a\u00f1os nos dedicamos a la fabricaci\u00f3n de equipos de tratamiento y filtraci\u00f3n de agua, como Ablandadores, filtros de carb\u00f3n activado y Osmosis Inversa, entre otros. Nuestra Misi\u00f3n Nos ocupamos del dise\u00f1o, la construcci\u00f3n y comercializaci\u00f3n de una variada l\u00ednea que se caracteriza por la robustez y calidad de los sistemas,&hellip;","_links":{"self":[{"href":"https:\/\/tecsapolito.com.ar\/tratamientodeagua\/wp-json\/wp\/v2\/pages\/1324","targetHints":{"allow":["GET"]}}],"collection":[{"href":"https:\/\/tecsapolito.com.ar\/tratamientodeagua\/wp-json\/wp\/v2\/pages"}],"about":[{"href":"https:\/\/tecsapolito.com.ar\/tratamientodeagua\/wp-json\/wp\/v2\/types\/page"}],"author":[{"embeddable":true,"href":"https:\/\/tecsapolito.com.ar\/tratamientodeagua\/wp-json\/wp\/v2\/users\/2"}],"replies":[{"embeddable":true,"href":"https:\/\/tecsapolito.com.ar\/tratamientodeagua\/wp-json\/wp\/v2\/comments?post=1324"}],"version-history":[{"count":8,"href":"https:\/\/tecsapolito.com.ar\/tratamientodeagua\/wp-json\/wp\/v2\/pages\/1324\/revisions"}],"predecessor-version":[{"id":2333,"href":"https:\/\/tecsapolito.com.ar\/tratamientodeagua\/wp-json\/wp\/v2\/pages\/1324\/revisions\/2333"}],"wp:attachment":[{"href":"https:\/\/tecsapolito.com.ar\/tratamientodeagua\/wp-json\/wp\/v2\/media?parent=1324"}],"curies":[{"name":"wp","href":"https:\/\/api.w.org\/{rel}","templated":true}]}}